{"id":411,"date":"2020-09-02T13:07:12","date_gmt":"2020-09-02T11:07:12","guid":{"rendered":"https:\/\/www.woitischek.at\/?page_id=411"},"modified":"2022-11-16T18:53:25","modified_gmt":"2022-11-16T17:53:25","slug":"betriebswirtschaftliche_beratung","status":"publish","type":"page","link":"https:\/\/www.woitischek.at\/?page_id=411","title":{"rendered":"Betriebswirtschaftliche Beratung"},"content":{"rendered":"<h1>Betriebswirtschaftliche Beratung<\/h1>\n<p><b>Sie\u00a0m\u00f6chten ein\u00a0Unternehmen\u00a0gr\u00fcnden<\/b><b>? <\/b><br \/>Wir\u00a0unterst\u00fctzen Sie bei\u00a0allen\u00a0Fragen zur Selbst\u00e4ndigkeit, helfen\u00a0Ihnen\u00a0bei\u00a0der Optimierung Ihres Businessplans, beh\u00f6rdlichen\u00a0Anmeldungen, vermitteln Ihnen die passende Finanzierung, die optimalen Versicherungen und k\u00e4mpfen uns f\u00fcr Sie durch den un\u00fcbersichtlichen\u00a0F\u00f6rderungsjungel.\u00a0\u00a0\u00a0\u00a0<\/p>\n<p>Somit k\u00f6nnen Sie sich auf das wesentliche konzentrieren und unbeschwert Ihren Ideen freien Lauf lassen.\u00a0<\/p>\n<p><b>Ihr Unternehmen w\u00e4chst?<\/b>\u00a0<br \/>Wir bieten Ihnen Ihr pers\u00f6nlich angepasstes Paket. Wir optimieren gemeinsam Ihre\u00a0Prozesse und analysieren Ihre Kosten.\u00a0<\/p>\n<p>Damit geben wir Ihnen einen Gesamt\u00fcberblick Ihres Unternehmens und zusammen mit unseren Partnern k\u00f6nnen wir Sie bei der Umsetzung resultierender Ma\u00dfnahmen unterst\u00fctzen.\u00a0<\/p>\n<p><b>Ihr Unternehmen\u00a0ist in Schieflage geraten<\/b><b>? <\/b><br \/>Mit unserem branchen\u00fcbergreifenden Partnernetzwerk k\u00f6nnen wir Ihnen sicher\u00a0zur Seite stehen und gemeinsam L\u00f6sungen finden.\u00a0<\/p>\n<p><b>Services im \u00dcberblick:<\/b><\/p>\n<ul>\n<li data-leveltext=\"-\" data-font=\"Calibri\" data-listid=\"1\" aria-setsize=\"-1\" data-aria-posinset=\"0\" data-aria-level=\"1\">\n<p>Erarbeitung von Strategien und Gesch\u00e4ftsprozesse<\/p>\n<\/li>\n<li data-leveltext=\"-\" data-font=\"Calibri\" data-listid=\"1\" aria-setsize=\"-1\" data-aria-posinset=\"0\" data-aria-level=\"1\">\n<p>Erstellung und Adaptierung von Businesspl\u00e4nen<\/p>\n<\/li>\n<li data-leveltext=\"-\" data-font=\"Calibri\" data-listid=\"1\" aria-setsize=\"-1\" data-aria-posinset=\"0\" data-aria-level=\"1\">\n<p>Bilanz- und Erfolgsanalysen<\/p>\n<\/li>\n<li data-leveltext=\"-\" data-font=\"Calibri\" data-listid=\"1\" aria-setsize=\"-1\" data-aria-posinset=\"0\" data-aria-level=\"1\">\n<p>Unternehmensbewertung<\/p>\n<\/li>\n<li data-leveltext=\"-\" data-font=\"Calibri\" data-listid=\"1\" aria-setsize=\"-1\" data-aria-posinset=\"0\" data-aria-level=\"1\">\n<p>Einf\u00fchrung von Kosten- und Leistungsberechnungen<\/p>\n<\/li>\n<li data-leveltext=\"-\" data-font=\"Calibri\" data-listid=\"1\" aria-setsize=\"-1\" data-aria-posinset=\"0\" data-aria-level=\"1\">\n<p>Beratung bei Kalkulationsfragen<\/p>\n<\/li>\n<li data-leveltext=\"-\" data-font=\"Calibri\" data-listid=\"1\" aria-setsize=\"-1\" data-aria-posinset=\"0\" data-aria-level=\"1\">Unterst\u00fctzung bei Projektmanagement<\/li>\n<\/ul>\n","protected":false},"excerpt":{"rendered":"<p>Betriebswirtschaftliche Beratung Sie\u00a0m\u00f6chten ein\u00a0Unternehmen\u00a0gr\u00fcnden? Wir\u00a0unterst\u00fctzen Sie bei\u00a0allen\u00a0Fragen zur Selbst\u00e4ndigkeit, helfen\u00a0Ihnen\u00a0bei\u00a0der Optimierung Ihres Businessplans, beh\u00f6rdlichen\u00a0Anmeldungen, vermitteln Ihnen die passende Finanzierung, die optimalen Versicherungen und k\u00e4mpfen uns f\u00fcr Sie durch den un\u00fcbersichtlichen\u00a0F\u00f6rderungsjungel.\u00a0\u00a0\u00a0\u00a0 Somit k\u00f6nnen Sie sich auf das wesentliche konzentrieren und unbeschwert Ihren Ideen freien Lauf lassen.\u00a0 Ihr Unternehmen w\u00e4chst?\u00a0Wir bieten Ihnen [&hellip;]<\/p>\n","protected":false},"author":4,"featured_media":0,"parent":0,"menu_order":0,"comment_status":"closed","ping_status":"closed","template":"","meta":[],"_links":{"self":[{"href":"https:\/\/www.woitischek.at\/index.php?rest_route=\/wp\/v2\/pages\/411"}],"collection":[{"href":"https:\/\/www.woitischek.at\/index.php?rest_route=\/wp\/v2\/pages"}],"about":[{"href":"https:\/\/www.woitischek.at\/index.php?rest_route=\/wp\/v2\/types\/page"}],"author":[{"embeddable":true,"href":"https:\/\/www.woitischek.at\/index.php?rest_route=\/wp\/v2\/users\/4"}],"replies":[{"embeddable":true,"href":"https:\/\/www.woitischek.at\/index.php?rest_route=%2Fwp%2Fv2%2Fcomments&post=411"}],"version-history":[{"count":22,"href":"https:\/\/www.woitischek.at\/index.php?rest_route=\/wp\/v2\/pages\/411\/revisions"}],"predecessor-version":[{"id":715,"href":"https:\/\/www.woitischek.at\/index.php?rest_route=\/wp\/v2\/pages\/411\/revisions\/715"}],"wp:attachment":[{"href":"https:\/\/www.woitischek.at\/index.php?rest_route=%2Fwp%2Fv2%2Fmedia&parent=411"}],"curies":[{"name":"wp","href":"https:\/\/api.w.org\/{rel}","templated":true}]}}