{"id":57,"date":"2019-02-19T12:39:22","date_gmt":"2019-02-19T11:39:22","guid":{"rendered":"https:\/\/www.woitischek.at\/?page_id=57"},"modified":"2022-11-17T15:41:06","modified_gmt":"2022-11-17T14:41:06","slug":"hestia-front","status":"publish","type":"page","link":"https:\/\/www.woitischek.at\/","title":{"rendered":"WOS"},"content":{"rendered":"<h1>Herzlich Willkommen bei Woitischek Office Services<\/h1>\n<p><\/p>\n\n\n<\/p>\n<p>\n\n\n<p><\/p>\n<p><\/p>\n\n\n<\/p>\n<h6 style=\"text-align: center;\">Konzentrieren Sie sich auf Ihr Hauptgesch\u00e4ft &#8211; Wir unterst\u00fctzen Sie dabei!<\/h6>\n<p style=\"text-align: center;\">Unser Anspruch ist Kosteneffizienz durch Prozessoptimierung, Digitalisierung und Know-How.<\/p>\n<p style=\"text-align: center;\">Immer mehr Unternehmen lagern ihre Buchhaltung aus, denn es bringt verschiedenste Vorteile und sie k\u00f6nnen sich voll und ganz auf ihr Kerngesch\u00e4ft konzentrieren.\u00a0<\/p>\n<p style=\"text-align: center;\">Wir erarbeiten individuelle Buchhaltungsl\u00f6sungen f\u00fcr Unternehmensgr\u00fcnder, Freiberufler sowie kleine und mittelst\u00e4ndische Unternehmen.<\/p>\n<p style=\"text-align: center;\">Sie sagen uns, was Sie brauchen und wir gestalten die passende Leistung dazu.\u00a0<\/p>\n<p style=\"text-align: center;\"><\/p>\n<p>\n\n\n<p><\/p>","protected":false},"excerpt":{"rendered":"<p>Herzlich Willkommen bei Woitischek Office Services Konzentrieren Sie sich auf Ihr Hauptgesch\u00e4ft &#8211; Wir unterst\u00fctzen Sie dabei! Unser Anspruch ist Kosteneffizienz durch Prozessoptimierung, Digitalisierung und Know-How. Immer mehr Unternehmen lagern ihre Buchhaltung aus, denn es bringt verschiedenste Vorteile und sie k\u00f6nnen sich voll und ganz auf ihr Kerngesch\u00e4ft konzentrieren.\u00a0 Wir [&hellip;]<\/p>\n","protected":false},"author":4,"featured_media":0,"parent":0,"menu_order":0,"comment_status":"closed","ping_status":"closed","template":"","meta":[],"_links":{"self":[{"href":"https:\/\/www.woitischek.at\/index.php?rest_route=\/wp\/v2\/pages\/57"}],"collection":[{"href":"https:\/\/www.woitischek.at\/index.php?rest_route=\/wp\/v2\/pages"}],"about":[{"href":"https:\/\/www.woitischek.at\/index.php?rest_route=\/wp\/v2\/types\/page"}],"author":[{"embeddable":true,"href":"https:\/\/www.woitischek.at\/index.php?rest_route=\/wp\/v2\/users\/4"}],"replies":[{"embeddable":true,"href":"https:\/\/www.woitischek.at\/index.php?rest_route=%2Fwp%2Fv2%2Fcomments&post=57"}],"version-history":[{"count":101,"href":"https:\/\/www.woitischek.at\/index.php?rest_route=\/wp\/v2\/pages\/57\/revisions"}],"predecessor-version":[{"id":752,"href":"https:\/\/www.woitischek.at\/index.php?rest_route=\/wp\/v2\/pages\/57\/revisions\/752"}],"wp:attachment":[{"href":"https:\/\/www.woitischek.at\/index.php?rest_route=%2Fwp%2Fv2%2Fmedia&parent=57"}],"curies":[{"name":"wp","href":"https:\/\/api.w.org\/{rel}","templated":true}]}}