{"id":608,"date":"2022-11-16T14:44:41","date_gmt":"2022-11-16T13:44:41","guid":{"rendered":"https:\/\/www.woitischek.at\/?page_id=608"},"modified":"2022-11-23T15:41:17","modified_gmt":"2022-11-23T14:41:17","slug":"buero-organisation","status":"publish","type":"page","link":"https:\/\/www.woitischek.at\/?page_id=608","title":{"rendered":"Office Management"},"content":{"rendered":"<h1>Office Management<\/h1>\n<p>Sie suchen schon lange verzweifelt nach Unterst\u00fctzung im Back Office?<br \/>Administrative T\u00e4tigkeiten halten Sie von Ihrem Kerngesch\u00e4ft ab?<br \/>Ist die Abarbeitung von Unterlagen l\u00e4ngst \u00fcberf\u00e4llig?<br \/>Oder verbringen Sie Abends oder am Wochenende noch viele Stunden um Ihr B\u00fcro zu organisieren?<\/p>\n<p>Auch bei diesen Themen k\u00f6nnen wir ihnen unter die Arme greifen.<\/p>\n<p><b>Services im \u00dcberblick:<\/b><\/p>\n<ul>\n<li data-leveltext=\"-\" data-font=\"Calibri\" data-listid=\"1\" aria-setsize=\"-1\" data-aria-posinset=\"0\" data-aria-level=\"1\">\n<p>Allgemeine Gesch\u00e4ftskorrespondenz wie Briefe, E-Mails und Telefonate<\/p>\n<\/li>\n<li data-leveltext=\"-\" data-font=\"Calibri\" data-listid=\"1\" aria-setsize=\"-1\" data-aria-posinset=\"0\" data-aria-level=\"1\">\n<p>Pflege von Daten<\/p>\n<\/li>\n<li data-leveltext=\"-\" data-font=\"Calibri\" data-listid=\"1\" aria-setsize=\"-1\" data-aria-posinset=\"0\" data-aria-level=\"1\">\n<p>Bestellwesen<\/p>\n<\/li>\n<li data-leveltext=\"-\" data-font=\"Calibri\" data-listid=\"1\" aria-setsize=\"-1\" data-aria-posinset=\"0\" data-aria-level=\"1\">\n<p>Rechnungen sowie Angebotslegung<\/p>\n<\/li>\n<li data-leveltext=\"-\" data-font=\"Calibri\" data-listid=\"1\" aria-setsize=\"-1\" data-aria-posinset=\"0\" data-aria-level=\"1\">\n<p>Erinnerungs- und Terminmanagement<\/p>\n<\/li>\n<li data-leveltext=\"-\" data-font=\"Calibri\" data-listid=\"1\" aria-setsize=\"-1\" data-aria-posinset=\"0\" data-aria-level=\"1\">\n<p>Aktensortierung, Pflege oder Unterst\u00fctzung bei der Digitalisierung<\/p>\n<\/li>\n<li data-leveltext=\"-\" data-font=\"Calibri\" data-listid=\"1\" aria-setsize=\"-1\" data-aria-posinset=\"0\" data-aria-level=\"1\">\n<p>Administrative Arbeiten<\/p>\n<\/li>\n<li data-leveltext=\"-\" data-font=\"Calibri\" data-listid=\"1\" aria-setsize=\"-1\" data-aria-posinset=\"0\" data-aria-level=\"1\">\n<p>Hilfestellung bei der Archivierung<\/p>\n<\/li>\n<li data-leveltext=\"-\" data-font=\"Calibri\" data-listid=\"1\" aria-setsize=\"-1\" data-aria-posinset=\"0\" data-aria-level=\"1\">\n<p>Vertretungsservice (bei Krankenstand oder Urlaub)<\/p>\n<\/li>\n<li data-leveltext=\"-\" data-font=\"Calibri\" data-listid=\"1\" aria-setsize=\"-1\" data-aria-posinset=\"0\" data-aria-level=\"1\">\n<p>Individuelle sowie umfangreiche Unterst\u00fctzung<\/p>\n<\/li>\n<\/ul>\n","protected":false},"excerpt":{"rendered":"<p>Office Management Sie suchen schon lange verzweifelt nach Unterst\u00fctzung im Back Office?Administrative T\u00e4tigkeiten halten Sie von Ihrem Kerngesch\u00e4ft ab?Ist die Abarbeitung von Unterlagen l\u00e4ngst \u00fcberf\u00e4llig?Oder verbringen Sie Abends oder am Wochenende noch viele Stunden um Ihr B\u00fcro zu organisieren? Auch bei diesen Themen k\u00f6nnen wir ihnen unter die Arme greifen. [&hellip;]<\/p>\n","protected":false},"author":4,"featured_media":759,"parent":0,"menu_order":0,"comment_status":"closed","ping_status":"closed","template":"","meta":[],"_links":{"self":[{"href":"https:\/\/www.woitischek.at\/index.php?rest_route=\/wp\/v2\/pages\/608"}],"collection":[{"href":"https:\/\/www.woitischek.at\/index.php?rest_route=\/wp\/v2\/pages"}],"about":[{"href":"https:\/\/www.woitischek.at\/index.php?rest_route=\/wp\/v2\/types\/page"}],"author":[{"embeddable":true,"href":"https:\/\/www.woitischek.at\/index.php?rest_route=\/wp\/v2\/users\/4"}],"replies":[{"embeddable":true,"href":"https:\/\/www.woitischek.at\/index.php?rest_route=%2Fwp%2Fv2%2Fcomments&post=608"}],"version-history":[{"count":16,"href":"https:\/\/www.woitischek.at\/index.php?rest_route=\/wp\/v2\/pages\/608\/revisions"}],"predecessor-version":[{"id":763,"href":"https:\/\/www.woitischek.at\/index.php?rest_route=\/wp\/v2\/pages\/608\/revisions\/763"}],"wp:featuredmedia":[{"embeddable":true,"href":"https:\/\/www.woitischek.at\/index.php?rest_route=\/wp\/v2\/media\/759"}],"wp:attachment":[{"href":"https:\/\/www.woitischek.at\/index.php?rest_route=%2Fwp%2Fv2%2Fmedia&parent=608"}],"curies":[{"name":"wp","href":"https:\/\/api.w.org\/{rel}","templated":true}]}}