{"id":666,"date":"2022-11-16T16:42:09","date_gmt":"2022-11-16T15:42:09","guid":{"rendered":"https:\/\/www.woitischek.at\/?page_id=666"},"modified":"2022-11-17T14:55:58","modified_gmt":"2022-11-17T13:55:58","slug":"elementor-666","status":"publish","type":"page","link":"https:\/\/www.woitischek.at\/?page_id=666","title":{"rendered":"Kontakt"},"content":{"rendered":"<h3>Kontakt:<\/h3>\n<p><strong>Woitischek Office Services<\/strong><\/p>\n<p><a href=\"tel:+436645131049\">+43 664 \/ 5131049<\/a><br \/><a href=\"mailto:office@woitischek.at\">office@woitischek.at<\/a><\/p>\n<p>Tulpenweg 2<br \/>8734 Lobmingtal<\/p>\n<h2>Vereinbaren Sie einfach einen Termin mit uns und kommen auf einen Kaffee vorbei.<br \/>Dann k\u00f6nnen wir uns kennenlernen und ganz in Ruhe \u00fcber Ihre W\u00fcnsche plaudern.<\/h2>\n<p>\t\t\t<iframe frameborder=\"0\" scrolling=\"no\" marginheight=\"0\" marginwidth=\"0\"\n\t\t\t\t\tsrc=\"https:\/\/maps.google.com\/maps?q=Woitischek%20Office%20Services&#038;t=m&#038;z=13&#038;output=embed&#038;iwloc=near\"\n\t\t\t\t\ttitle=\"Woitischek Office Services\"\n\t\t\t\t\taria-label=\"Woitischek Office Services\"\n\t\t\t><\/iframe><\/p>\n","protected":false},"excerpt":{"rendered":"<p>Kontakt: Woitischek Office Services +43 664 \/ 5131049office@woitischek.at Tulpenweg 28734 Lobmingtal Vereinbaren Sie einfach einen Termin mit uns und kommen auf einen Kaffee vorbei.Dann k\u00f6nnen wir uns kennenlernen und ganz in Ruhe \u00fcber Ihre W\u00fcnsche plaudern.<\/p>\n","protected":false},"author":4,"featured_media":668,"parent":0,"menu_order":0,"comment_status":"closed","ping_status":"closed","template":"","meta":[],"_links":{"self":[{"href":"https:\/\/www.woitischek.at\/index.php?rest_route=\/wp\/v2\/pages\/666"}],"collection":[{"href":"https:\/\/www.woitischek.at\/index.php?rest_route=\/wp\/v2\/pages"}],"about":[{"href":"https:\/\/www.woitischek.at\/index.php?rest_route=\/wp\/v2\/types\/page"}],"author":[{"embeddable":true,"href":"https:\/\/www.woitischek.at\/index.php?rest_route=\/wp\/v2\/users\/4"}],"replies":[{"embeddable":true,"href":"https:\/\/www.woitischek.at\/index.php?rest_route=%2Fwp%2Fv2%2Fcomments&post=666"}],"version-history":[{"count":31,"href":"https:\/\/www.woitischek.at\/index.php?rest_route=\/wp\/v2\/pages\/666\/revisions"}],"predecessor-version":[{"id":750,"href":"https:\/\/www.woitischek.at\/index.php?rest_route=\/wp\/v2\/pages\/666\/revisions\/750"}],"wp:featuredmedia":[{"embeddable":true,"href":"https:\/\/www.woitischek.at\/index.php?rest_route=\/wp\/v2\/media\/668"}],"wp:attachment":[{"href":"https:\/\/www.woitischek.at\/index.php?rest_route=%2Fwp%2Fv2%2Fmedia&parent=666"}],"curies":[{"name":"wp","href":"https:\/\/api.w.org\/{rel}","templated":true}]}}